{"id":10,"date":"2025-11-07T20:20:55","date_gmt":"2025-11-07T19:20:55","guid":{"rendered":"http:\/\/ghl365.de\/?page_id=10"},"modified":"2026-04-02T10:55:03","modified_gmt":"2026-04-02T08:55:03","slug":"home","status":"publish","type":"page","link":"https:\/\/ghl365.de\/home\/","title":{"rendered":"Home"},"content":{"rendered":"\t\t<div data-elementor-type=\"wp-page\" data-elementor-id=\"10\" class=\"elementor elementor-10\" data-elementor-post-type=\"page\">\n\t\t\t\t<div class=\"elementor-element elementor-element-05b128b e-flex e-con-boxed e-con e-parent\" data-id=\"05b128b\" data-element_type=\"container\" data-settings=\"{&quot;background_background&quot;:&quot;classic&quot;}\">\n\t\t\t\t\t<div class=\"e-con-inner\">\n\t\t<div class=\"elementor-element elementor-element-275b049 e-con-full e-flex e-con e-child\" data-id=\"275b049\" data-element_type=\"container\">\n\t\t\t\t<div class=\"elementor-element elementor-element-a6131c2 elementor-widget elementor-widget-heading\" data-id=\"a6131c2\" data-element_type=\"widget\" data-widget_type=\"heading.default\">\n\t\t\t\t\t<h1 class=\"elementor-heading-title elementor-size-default\">Seine Gemeinde.<\/h1>\t\t\t\t<\/div>\n\t\t\t\t<div class=\"elementor-element elementor-element-e3765e7 elementor-widget elementor-widget-heading\" data-id=\"e3765e7\" data-element_type=\"widget\" data-widget_type=\"heading.default\">\n\t\t\t\t\t<h1 class=\"elementor-heading-title elementor-size-default\">Mein Zuhause!<\/h1>\t\t\t\t<\/div>\n\t\t\t\t<div class=\"elementor-element elementor-element-d95eb30 elementor-widget elementor-widget-heading\" data-id=\"d95eb30\" data-element_type=\"widget\" data-widget_type=\"heading.default\">\n\t\t\t\t\t<h2 class=\"elementor-heading-title elementor-size-default\">\"Was zeichnet eine Gemeinde aus,  <br> in der Glaube, Hoffnung &amp; Liebe<br>das Leben pr\u00e4gen?\"<\/h2>\t\t\t\t<\/div>\n\t\t\t\t<div class=\"elementor-element elementor-element-37126d3 elementor-mobile-align-left elementor-hidden-mobile elementor-widget elementor-widget-button\" data-id=\"37126d3\" data-element_type=\"widget\" data-widget_type=\"button.default\">\n\t\t\t\t\t\t\t\t\t\t<a class=\"elementor-button elementor-button-link elementor-size-sm\" href=\"https:\/\/ghl365.de\/home\/warenkorb\/\/?add-to-card=277\">\n\t\t\t\t\t\t<span class=\"elementor-button-content-wrapper\">\n\t\t\t\t\t\t\t\t\t<span class=\"elementor-button-text\">Buch bestellen<\/span>\n\t\t\t\t\t<\/span>\n\t\t\t\t\t<\/a>\n\t\t\t\t\t\t\t\t<\/div>\n\t\t\t\t<\/div>\n\t\t<div class=\"elementor-element elementor-element-f8ac37b e-con-full e-flex e-con e-child\" data-id=\"f8ac37b\" data-element_type=\"container\">\n\t\t\t\t<div class=\"elementor-element elementor-element-dea0467 elementor-widget__width-initial elementor-widget elementor-widget-image\" data-id=\"dea0467\" data-element_type=\"widget\" data-widget_type=\"image.default\">\n\t\t\t\t\t\t\t\t\t\t\t\t\t\t\t<img fetchpriority=\"high\" decoding=\"async\" width=\"800\" height=\"890\" src=\"https:\/\/ghl365.de\/wp-content\/uploads\/2026\/02\/softcover-3-920x1024.png\" class=\"attachment-large size-large wp-image-358\" alt=\"Seine Gemeinde Mein Zuhause Buchcover\" srcset=\"https:\/\/ghl365.de\/wp-content\/uploads\/2026\/02\/softcover-3-920x1024.png 920w, https:\/\/ghl365.de\/wp-content\/uploads\/2026\/02\/softcover-3-scaled-600x668.png 600w, https:\/\/ghl365.de\/wp-content\/uploads\/2026\/02\/softcover-3-269x300.png 269w, https:\/\/ghl365.de\/wp-content\/uploads\/2026\/02\/softcover-3-768x855.png 768w, https:\/\/ghl365.de\/wp-content\/uploads\/2026\/02\/softcover-3-1380x1536.png 1380w, https:\/\/ghl365.de\/wp-content\/uploads\/2026\/02\/softcover-3-1840x2048.png 1840w, https:\/\/ghl365.de\/wp-content\/uploads\/2026\/02\/softcover-3-1320x1469.png 1320w\" sizes=\"(max-width: 800px) 100vw, 800px\" \/>\t\t\t\t\t\t\t\t\t\t\t\t\t\t\t<\/div>\n\t\t\t\t<div class=\"elementor-element elementor-element-cdb02d8 elementor-widget__width-initial elementor-widget-mobile__width-initial elementor-absolute e-transform elementor-widget elementor-widget-image\" data-id=\"cdb02d8\" data-element_type=\"widget\" data-settings=\"{&quot;_position&quot;:&quot;absolute&quot;,&quot;motion_fx_motion_fx_scrolling&quot;:&quot;yes&quot;,&quot;motion_fx_rotateZ_effect&quot;:&quot;yes&quot;,&quot;motion_fx_rotateZ_speed&quot;:{&quot;unit&quot;:&quot;px&quot;,&quot;size&quot;:0.299999999999999988897769753748434595763683319091796875,&quot;sizes&quot;:[]},&quot;motion_fx_rotateZ_affectedRange&quot;:{&quot;unit&quot;:&quot;%&quot;,&quot;size&quot;:&quot;&quot;,&quot;sizes&quot;:{&quot;start&quot;:20,&quot;end&quot;:71}},&quot;motion_fx_scale_effect&quot;:&quot;yes&quot;,&quot;motion_fx_scale_speed&quot;:{&quot;unit&quot;:&quot;px&quot;,&quot;size&quot;:0.1000000000000000055511151231257827021181583404541015625,&quot;sizes&quot;:[]},&quot;_transform_rotateZ_effect&quot;:{&quot;unit&quot;:&quot;px&quot;,&quot;size&quot;:-18,&quot;sizes&quot;:[]},&quot;_transform_rotateZ_effect_mobile&quot;:{&quot;unit&quot;:&quot;deg&quot;,&quot;size&quot;:11,&quot;sizes&quot;:[]},&quot;motion_fx_rotateZ_direction&quot;:&quot;negative&quot;,&quot;motion_fx_scale_direction&quot;:&quot;out-in&quot;,&quot;motion_fx_scale_range&quot;:{&quot;unit&quot;:&quot;%&quot;,&quot;size&quot;:&quot;&quot;,&quot;sizes&quot;:{&quot;start&quot;:20,&quot;end&quot;:80}},&quot;motion_fx_devices&quot;:[&quot;desktop&quot;,&quot;tablet&quot;,&quot;mobile&quot;],&quot;_transform_rotateZ_effect_tablet&quot;:{&quot;unit&quot;:&quot;deg&quot;,&quot;size&quot;:&quot;&quot;,&quot;sizes&quot;:[]}}\" data-widget_type=\"image.default\">\n\t\t\t\t\t\t\t\t\t\t\t\t\t\t\t\t<a href=\"http:\/\/ghl365.de\/wp-content\/uploads\/2026\/03\/Leseprobe_-Seine-Gemeinde-Mein-Zuhause-2026.pdf\">\n\t\t\t\t\t\t\t<img decoding=\"async\" width=\"208\" height=\"208\" src=\"https:\/\/ghl365.de\/wp-content\/uploads\/2026\/03\/button-lp.png\" class=\"attachment-large size-large wp-image-495\" alt=\"Leseprobe vom Buch Seine Gemeinde Mein Zuhause\" srcset=\"https:\/\/ghl365.de\/wp-content\/uploads\/2026\/03\/button-lp.png 208w, https:\/\/ghl365.de\/wp-content\/uploads\/2026\/03\/button-lp-150x150.png 150w, https:\/\/ghl365.de\/wp-content\/uploads\/2026\/03\/button-lp-100x100.png 100w\" sizes=\"(max-width: 208px) 100vw, 208px\" \/>\t\t\t\t\t\t\t\t<\/a>\n\t\t\t\t\t\t\t\t\t\t\t\t\t\t\t<\/div>\n\t\t\t\t<\/div>\n\t\t\t\t\t<\/div>\n\t\t\t\t<\/div>\n\t\t<div class=\"elementor-element elementor-element-e04de7f elementor-hidden-tablet elementor-hidden-mobile e-flex e-con-boxed e-con e-parent\" data-id=\"e04de7f\" data-element_type=\"container\" data-settings=\"{&quot;background_background&quot;:&quot;classic&quot;}\">\n\t\t\t\t\t<div class=\"e-con-inner\">\n\t\t\t\t<div class=\"elementor-element elementor-element-ce99df0 elementor-widget-divider--view-line elementor-widget elementor-widget-divider\" data-id=\"ce99df0\" data-element_type=\"widget\" data-widget_type=\"divider.default\">\n\t\t\t\t\t\t\t<div class=\"elementor-divider\">\n\t\t\t<span class=\"elementor-divider-separator\">\n\t\t\t\t\t\t<\/span>\n\t\t<\/div>\n\t\t\t\t\t\t<\/div>\n\t\t\t\t\t<\/div>\n\t\t\t\t<\/div>\n\t\t<div class=\"elementor-element elementor-element-6d62ae4 e-flex e-con-boxed e-con e-parent\" data-id=\"6d62ae4\" data-element_type=\"container\" data-settings=\"{&quot;background_background&quot;:&quot;classic&quot;}\">\n\t\t\t\t\t<div class=\"e-con-inner\">\n\t\t<div class=\"elementor-element elementor-element-b4f8ee3 e-con-full e-flex e-con e-child\" data-id=\"b4f8ee3\" data-element_type=\"container\">\n\t\t\t\t<div class=\"elementor-element elementor-element-fde5702 elementor-mobile-align-left elementor-hidden-desktop elementor-hidden-tablet elementor-widget elementor-widget-button\" data-id=\"fde5702\" data-element_type=\"widget\" data-widget_type=\"button.default\">\n\t\t\t\t\t\t\t\t\t\t<a class=\"elementor-button elementor-button-link elementor-size-sm\" href=\"https:\/\/ghl365.de\/home\/warenkorb\/\/?add-to-card=277\">\n\t\t\t\t\t\t<span class=\"elementor-button-content-wrapper\">\n\t\t\t\t\t\t\t\t\t<span class=\"elementor-button-text\">Buch bestellen<\/span>\n\t\t\t\t\t<\/span>\n\t\t\t\t\t<\/a>\n\t\t\t\t\t\t\t\t<\/div>\n\t\t\t\t<div class=\"elementor-element elementor-element-63c1657 elementor-widget__width-initial elementor-widget elementor-widget-text-editor\" data-id=\"63c1657\" data-element_type=\"widget\" data-widget_type=\"text-editor.default\">\n\t\t\t\t\t\t\t\t\t<div>Viele Christen w\u00fcnschen sich eine Kirchengemeinde, wo sie auftanken und sich inspirieren lassen k\u00f6nnen. Gleichzeitig sehnen sie sich nach einer Gemeinde, die auch nach au\u00dfen hin lebendig und einladend wirkt, eine Gemeinschaft, auf die sie stolz sein k\u00f6nnen und von der sie gerne erz\u00e4hlen.<\/div>\t\t\t\t\t\t\t\t<\/div>\n\t\t\t\t<div class=\"elementor-element elementor-element-ca20d9e elementor-widget__width-initial elementor-widget elementor-widget-text-editor\" data-id=\"ca20d9e\" data-element_type=\"widget\" data-widget_type=\"text-editor.default\">\n\t\t\t\t\t\t\t\t\t<p>Dieses Buch besch\u00e4ftigt sich mit den W\u00fcnschen Jesu f\u00fcr seine Gemeinde, die allein ihm geh\u00f6rt. Er hat die Menschen zu B\u00fcrgern seines Himmelsreiches gemacht.<\/p>\t\t\t\t\t\t\t\t<\/div>\n\t\t\t\t<\/div>\n\t\t<div class=\"elementor-element elementor-element-ee906c6 e-con-full e-flex e-con e-child\" data-id=\"ee906c6\" data-element_type=\"container\">\n\t\t\t\t<div class=\"elementor-element elementor-element-a7b329a elementor-widget__width-initial elementor-widget elementor-widget-text-editor\" data-id=\"a7b329a\" data-element_type=\"widget\" data-widget_type=\"text-editor.default\">\n\t\t\t\t\t\t\t\t\t<div>Als Erl\u00f6ser und Herr der Gemeinde bestimmt er, wie die Gemeinde zusammenkommt, wie das Miteinander gestaltet wird und welche Aufgaben sie erf\u00fcllt. Ebenso legt Jesus Christus fest, wie die Gemeindeleitung ihren Dienst verstehen und aus\u00fcben soll.<\/div><div>Im Mittelpunkt stehen biblische Texte, die die Ziele, das Miteinander sowie Aufgaben und Rahmenbedingungen einer Ortsgemeinde beschreiben und Orientierung bieten.<\/div>\t\t\t\t\t\t\t\t<\/div>\n\t\t\t\t<div class=\"elementor-element elementor-element-fd2313a elementor-widget elementor-widget-button\" data-id=\"fd2313a\" data-element_type=\"widget\" data-widget_type=\"button.default\">\n\t\t\t\t\t\t\t\t\t\t<a class=\"elementor-button elementor-button-link elementor-size-sm\" href=\"mailto:p.sterzer@ghl365.de\">\n\t\t\t\t\t\t<span class=\"elementor-button-content-wrapper\">\n\t\t\t\t\t\t\t\t\t<span class=\"elementor-button-text\">Kontakt aufnehmen<\/span>\n\t\t\t\t\t<\/span>\n\t\t\t\t\t<\/a>\n\t\t\t\t\t\t\t\t<\/div>\n\t\t\t\t<\/div>\n\t\t\t\t\t<\/div>\n\t\t\t\t<\/div>\n\t\t<div class=\"elementor-element elementor-element-ee74f5c e-flex e-con-boxed e-con e-parent\" data-id=\"ee74f5c\" data-element_type=\"container\" data-settings=\"{&quot;background_background&quot;:&quot;classic&quot;}\">\n\t\t\t\t\t<div class=\"e-con-inner\">\n\t\t\t\t<div class=\"elementor-element elementor-element-32e7bba elementor-arrows-position-inside elementor-widget elementor-widget-n-carousel\" data-id=\"32e7bba\" data-element_type=\"widget\" data-settings=\"{&quot;carousel_items&quot;:[{&quot;slide_title&quot;:&quot;Slide 1&quot;,&quot;_id&quot;:&quot;18f0cc8&quot;},{&quot;slide_title&quot;:&quot;Slide 2&quot;,&quot;_id&quot;:&quot;bcd575f&quot;},{&quot;slide_title&quot;:&quot;Slide 2&quot;,&quot;_id&quot;:&quot;4ac4873&quot;}],&quot;slides_to_show&quot;:&quot;1&quot;,&quot;slides_to_scroll&quot;:&quot;3&quot;,&quot;slides_to_show_tablet&quot;:&quot;2&quot;,&quot;slides_to_show_mobile&quot;:&quot;1&quot;,&quot;autoplay&quot;:&quot;yes&quot;,&quot;autoplay_speed&quot;:5000,&quot;pause_on_hover&quot;:&quot;yes&quot;,&quot;pause_on_interaction&quot;:&quot;yes&quot;,&quot;infinite&quot;:&quot;yes&quot;,&quot;speed&quot;:500,&quot;offset_sides&quot;:&quot;none&quot;,&quot;arrows&quot;:&quot;yes&quot;,&quot;image_spacing_custom&quot;:{&quot;unit&quot;:&quot;px&quot;,&quot;size&quot;:10,&quot;sizes&quot;:[]},&quot;image_spacing_custom_tablet&quot;:{&quot;unit&quot;:&quot;px&quot;,&quot;size&quot;:&quot;&quot;,&quot;sizes&quot;:[]},&quot;image_spacing_custom_mobile&quot;:{&quot;unit&quot;:&quot;px&quot;,&quot;size&quot;:&quot;&quot;,&quot;sizes&quot;:[]}}\" data-widget_type=\"nested-carousel.default\">\n\t\t\t\t\t\t\t<div class=\"e-n-carousel swiper\" role=\"region\" aria-roledescription=\"carousel\" aria-label=\"Karussell\" dir=\"ltr\">\n\t\t\t<div class=\"swiper-wrapper\" aria-live=\"off\">\n\t\t\t\t\t\t\t\t\t\t<div class=\"swiper-slide\" data-slide=\"1\" role=\"group\" aria-roledescription=\"slide\" aria-label=\"1 von 3\">\n\t\t\t\t\t\t\t<div class=\"elementor-element elementor-element-da97eb1 e-flex e-con-boxed e-con e-child\" data-id=\"da97eb1\" data-element_type=\"container\" data-settings=\"{&quot;background_background&quot;:&quot;classic&quot;}\">\n\t\t\t\t\t<div class=\"e-con-inner\">\n\t\t\t\t<div class=\"elementor-element elementor-element-10bac4b elementor-widget elementor-widget-heading\" data-id=\"10bac4b\" data-element_type=\"widget\" data-widget_type=\"heading.default\">\n\t\t\t\t\t<h2 class=\"elementor-heading-title elementor-size-default\">Peter Sterzer stellt in seinem Werk fest, dass das neutestamentliche Gemeindeleben in vielerlei Hinsicht dem einer Gro\u00dffamilie gleicht. Dabei pr\u00e4gen Schlichtheit und Einfachheit das Zusammenleben der \"kleinen Herde\".  (...) Ein angenehm zu lesendes Buch, das nicht mit erhobenem Zeigefinger geschrieben ist und von einer tiefen Leidenschaft f\u00fcr den Leib des Herrn Jesus zeugt! Es ist allen \u00c4ltesten und Hirten einer Gemeinde unbedingt zu empfehlen und vermittelt ihnen ein gutes Gesp\u00fcr f\u00fcr die Bed\u00fcrfnisse \"ihrer\" Schafe. <\/h2>\t\t\t\t<\/div>\n\t\t\t\t<div class=\"elementor-element elementor-element-0a025d5 elementor-widget elementor-widget-heading\" data-id=\"0a025d5\" data-element_type=\"widget\" data-widget_type=\"heading.default\">\n\t\t\t\t\t<h2 class=\"elementor-heading-title elementor-size-default\">R\u00fcdiger Thomas<\/h2>\t\t\t\t<\/div>\n\t\t\t\t\t<\/div>\n\t\t\t\t<\/div>\n\t\t\t\t\t\t\t\t<\/div>\n\t\t\t\t\t\t\t\t\t\t\t<div class=\"swiper-slide\" data-slide=\"2\" role=\"group\" aria-roledescription=\"slide\" aria-label=\"2 von 3\">\n\t\t\t\t\t\t\t<div class=\"elementor-element elementor-element-8d1f862 e-flex e-con-boxed e-con e-child\" data-id=\"8d1f862\" data-element_type=\"container\">\n\t\t\t\t\t<div class=\"e-con-inner\">\n\t\t\t\t<div class=\"elementor-element elementor-element-a6a3b05 elementor-widget elementor-widget-heading\" data-id=\"a6a3b05\" data-element_type=\"widget\" data-widget_type=\"heading.default\">\n\t\t\t\t\t<h2 class=\"elementor-heading-title elementor-size-default\">F\u00fcr mich ergibt sich ein wohltuender Blick auf die Gemeinde des neuen Testaments, in welcher in jeder Hinsicht die Beziehung in Liebe zum Herrn Jesus und den Geschwistern im Mittelpunkt steht. Es lohnt sich aus meiner Sicht f\u00fcr jeden Leser mit pr\u00fcfenden Blick auf das eigene Gemeindeleben zu schauen und die Erkenntnisse aus diesem Buch vor unserem Herrn Jesus zu bewegen.<\/h2>\t\t\t\t<\/div>\n\t\t\t\t<div class=\"elementor-element elementor-element-727a0e1 elementor-widget elementor-widget-heading\" data-id=\"727a0e1\" data-element_type=\"widget\" data-widget_type=\"heading.default\">\n\t\t\t\t\t<h2 class=\"elementor-heading-title elementor-size-default\">Pascal Wigge<\/h2>\t\t\t\t<\/div>\n\t\t\t\t\t<\/div>\n\t\t\t\t<\/div>\n\t\t\t\t\t\t\t\t<\/div>\n\t\t\t\t\t\t\t\t\t\t\t<div class=\"swiper-slide\" data-slide=\"3\" role=\"group\" aria-roledescription=\"slide\" aria-label=\"3 von 3\">\n\t\t\t\t\t\t\t<div class=\"elementor-element elementor-element-ccc5c46 e-flex e-con-boxed e-con e-child\" data-id=\"ccc5c46\" data-element_type=\"container\">\n\t\t\t\t\t<div class=\"e-con-inner\">\n\t\t\t\t<div class=\"elementor-element elementor-element-567de09 elementor-widget elementor-widget-heading\" data-id=\"567de09\" data-element_type=\"widget\" data-widget_type=\"heading.default\">\n\t\t\t\t\t<h2 class=\"elementor-heading-title elementor-size-default\">In allen \u00dcberlegungen dieses Buches wird Peters Herz f\u00fcr Gottes Wort, f\u00fcr die Gemeinde und insbesondere f\u00fcr die Schwachen und Verletzen innerhalb der Gemeinde sichtbar. \nEs ist ein Produkt eines jahrelangen Ringens darum, wie Gott sich Gemeinde vorstellt und damit einhergehend ein Bruch mit vielen etablierten Konzepten. <\/h2>\t\t\t\t<\/div>\n\t\t\t\t<div class=\"elementor-element elementor-element-16df823 elementor-widget elementor-widget-heading\" data-id=\"16df823\" data-element_type=\"widget\" data-widget_type=\"heading.default\">\n\t\t\t\t\t<h2 class=\"elementor-heading-title elementor-size-default\">Carina Redekop<\/h2>\t\t\t\t<\/div>\n\t\t\t\t\t<\/div>\n\t\t\t\t<\/div>\n\t\t\t\t\t\t\t\t<\/div>\n\t\t\t\t\t\t\t\t<\/div>\n\t\t<\/div>\n\t\t\t\t\t<div class=\"elementor-swiper-button elementor-swiper-button-prev\" role=\"button\" tabindex=\"0\" aria-label=\"Voriger\">\n\t\t\t\t<svg aria-hidden=\"true\" class=\"e-font-icon-svg e-eicon-chevron-left\" viewBox=\"0 0 1000 1000\" xmlns=\"http:\/\/www.w3.org\/2000\/svg\"><path d=\"M646 125C629 125 613 133 604 142L308 442C296 454 292 471 292 487 292 504 296 521 308 533L604 854C617 867 629 875 646 875 663 875 679 871 692 858 704 846 713 829 713 812 713 796 708 779 692 767L438 487 692 225C700 217 708 204 708 187 708 171 704 154 692 142 675 129 663 125 646 125Z\"><\/path><\/svg>\t\t\t<\/div>\n\t\t\t<div class=\"elementor-swiper-button elementor-swiper-button-next\" role=\"button\" tabindex=\"0\" aria-label=\"N\u00e4chster\">\n\t\t\t\t<svg aria-hidden=\"true\" class=\"e-font-icon-svg e-eicon-chevron-right\" viewBox=\"0 0 1000 1000\" xmlns=\"http:\/\/www.w3.org\/2000\/svg\"><path d=\"M696 533C708 521 713 504 713 487 713 471 708 454 696 446L400 146C388 133 375 125 354 125 338 125 325 129 313 142 300 154 292 171 292 187 292 204 296 221 308 233L563 492 304 771C292 783 288 800 288 817 288 833 296 850 308 863 321 871 338 875 354 875 371 875 388 867 400 854L696 533Z\"><\/path><\/svg>\t\t\t<\/div>\n\t\t\t\t\t\t<\/div>\n\t\t\t\t\t<\/div>\n\t\t\t\t<\/div>\n\t\t<div class=\"elementor-element elementor-element-acb8dce e-flex e-con-boxed e-con e-parent\" data-id=\"acb8dce\" data-element_type=\"container\" data-settings=\"{&quot;background_background&quot;:&quot;classic&quot;}\">\n\t\t\t\t\t<div class=\"e-con-inner\">\n\t\t<div class=\"elementor-element elementor-element-930610d e-con-full e-flex e-con e-child\" data-id=\"930610d\" data-element_type=\"container\">\n\t\t\t\t<div class=\"elementor-element elementor-element-a34c1cd elementor-widget elementor-widget-image\" data-id=\"a34c1cd\" data-element_type=\"widget\" data-widget_type=\"image.default\">\n\t\t\t\t\t\t\t\t\t\t\t\t\t\t\t<img decoding=\"async\" width=\"683\" height=\"1024\" src=\"https:\/\/ghl365.de\/wp-content\/uploads\/2026\/02\/GHL365-683x1024.webp\" class=\"attachment-large size-large wp-image-426\" alt=\"Autor Peter Sterzer Seine Gemeinde Mein Zuhause\" srcset=\"https:\/\/ghl365.de\/wp-content\/uploads\/2026\/02\/GHL365-683x1024.webp 683w, https:\/\/ghl365.de\/wp-content\/uploads\/2026\/02\/GHL365-200x300.webp 200w, https:\/\/ghl365.de\/wp-content\/uploads\/2026\/02\/GHL365-768x1152.webp 768w, https:\/\/ghl365.de\/wp-content\/uploads\/2026\/02\/GHL365-1024x1536.webp 1024w, https:\/\/ghl365.de\/wp-content\/uploads\/2026\/02\/GHL365-600x900.webp 600w, https:\/\/ghl365.de\/wp-content\/uploads\/2026\/02\/GHL365.webp 1200w\" sizes=\"(max-width: 683px) 100vw, 683px\" \/>\t\t\t\t\t\t\t\t\t\t\t\t\t\t\t<\/div>\n\t\t\t\t<\/div>\n\t\t\t\t<div class=\"elementor-element elementor-element-797f952 elementor-widget elementor-widget-menu-anchor\" data-id=\"797f952\" data-element_type=\"widget\" data-widget_type=\"menu-anchor.default\">\n\t\t\t\t\t\t\t<div class=\"elementor-menu-anchor\" id=\"author\"><\/div>\n\t\t\t\t\t\t<\/div>\n\t\t<div class=\"elementor-element elementor-element-57fd417 e-con-full e-flex e-con e-child\" data-id=\"57fd417\" data-element_type=\"container\">\n\t\t\t\t<div class=\"elementor-element elementor-element-9ed493f elementor-widget elementor-widget-heading\" data-id=\"9ed493f\" data-element_type=\"widget\" data-widget_type=\"heading.default\">\n\t\t\t\t\t<h2 class=\"elementor-heading-title elementor-size-default\">\u00dcber den Autor<\/h2>\t\t\t\t<\/div>\n\t\t\t\t<div class=\"elementor-element elementor-element-88b7d91 elementor-widget elementor-widget-text-editor\" data-id=\"88b7d91\" data-element_type=\"widget\" data-widget_type=\"text-editor.default\">\n\t\t\t\t\t\t\t\t\t<div>Ich wurde 1968 geboren und lebe gemeinsam mit meiner Frau in Paderborn. Zusammen haben wir drei Kinder und freuen uns \u00fcber drei Enkelkinder.<\/div><div>Seit meinem 12. Lebensjahr folge ich voller Liebe meinem Sch\u00f6pfer und Erl\u00f6ser Jesus Christus.<\/div><div>Nach meinem Schulabschluss absolvierte ich eine Ausbildung zum Schlosser und leistete anschlie\u00dfend meinen Zivildienst in einem Altenheim ab. Im Anschluss daran studierte ich in Brake sechs Semester Theologie.<\/div><div>1994 begann ich meine berufliche Laufbahn bei den Caritas Wohn- und Werkst\u00e4tten. Nach einigen Jahren als Fachkraft f\u00fcr Arbeits- und Berufsf\u00f6rderung \u00fcbernahm ich 2003 die Position des Qualit\u00e4tsbeauftragten. Ca. 25 Jahre war ich zudem als Pastor t\u00e4tig, teils ehrenamtlich, teils nebenberuflich. Von 1999 bis 2022 engagierte ich mich ehrenamtlich als Vorsitzender der exit-Gef\u00e4hrdetenhilfe Paderborn e. V.<\/div><div>Als Nachfolger Jesu Christi pflege ich Beziehungen zu meinen Glaubensgeschwistern, studiere und lehre das Wort Gottes und \u00fcbernehme verschiedene Aufgaben im Hirtendienst.<\/div>\t\t\t\t\t\t\t\t<\/div>\n\t\t\t\t<div class=\"elementor-element elementor-element-4c3345e elementor-widget elementor-widget-button\" data-id=\"4c3345e\" data-element_type=\"widget\" data-widget_type=\"button.default\">\n\t\t\t\t\t\t\t\t\t\t<a class=\"elementor-button elementor-button-link elementor-size-sm\" href=\"https:\/\/ghl365.de\/home\/warenkorb\/\/?add-to-card=277\">\n\t\t\t\t\t\t<span class=\"elementor-button-content-wrapper\">\n\t\t\t\t\t\t\t\t\t<span class=\"elementor-button-text\">Buch bestellen<\/span>\n\t\t\t\t\t<\/span>\n\t\t\t\t\t<\/a>\n\t\t\t\t\t\t\t\t<\/div>\n\t\t\t\t<\/div>\n\t\t\t\t\t<\/div>\n\t\t\t\t<\/div>\n\t\t\t\t<\/div>\n\t\t","protected":false},"excerpt":{"rendered":"<p>Was zeichnet eine Gemeinde aus, in der Glaube, Hoffnung &#038; Liebe das Leben pr\u00e4gen?<br \/>\nBuch bestellen: Seine Gemeinde Mein Zuhause<\/p>\n","protected":false},"author":1,"featured_media":0,"parent":0,"menu_order":0,"comment_status":"closed","ping_status":"closed","template":"","meta":{"footnotes":""},"class_list":["post-10","page","type-page","status-publish","hentry"],"jetpack_sharing_enabled":true,"_links":{"self":[{"href":"https:\/\/ghl365.de\/home\/wp-json\/wp\/v2\/pages\/10","targetHints":{"allow":["GET"]}}],"collection":[{"href":"https:\/\/ghl365.de\/home\/wp-json\/wp\/v2\/pages"}],"about":[{"href":"https:\/\/ghl365.de\/home\/wp-json\/wp\/v2\/types\/page"}],"author":[{"embeddable":true,"href":"https:\/\/ghl365.de\/home\/wp-json\/wp\/v2\/users\/1"}],"replies":[{"embeddable":true,"href":"https:\/\/ghl365.de\/home\/wp-json\/wp\/v2\/comments?post=10"}],"version-history":[{"count":401,"href":"https:\/\/ghl365.de\/home\/wp-json\/wp\/v2\/pages\/10\/revisions"}],"predecessor-version":[{"id":622,"href":"https:\/\/ghl365.de\/home\/wp-json\/wp\/v2\/pages\/10\/revisions\/622"}],"wp:attachment":[{"href":"https:\/\/ghl365.de\/home\/wp-json\/wp\/v2\/media?parent=10"}],"curies":[{"name":"wp","href":"https:\/\/api.w.org\/{rel}","templated":true}]}}