{"id":277,"date":"2026-02-15T11:48:53","date_gmt":"2026-02-15T10:48:53","guid":{"rendered":"http:\/\/ghl365.de\/?post_type=product&#038;p=277"},"modified":"2026-03-31T14:11:29","modified_gmt":"2026-03-31T12:11:29","slug":"seine-gemeinde-mein-zuhause-gebundene-ausgabe","status":"publish","type":"product","link":"https:\/\/ghl365.de\/home\/produkt\/seine-gemeinde-mein-zuhause-gebundene-ausgabe\/","title":{"rendered":"Seine Gemeinde Mein Zuhause &#8211; softcover"},"content":{"rendered":"<p>Viele Christen w\u00fcnschen sich eine Kirchengemeinde, wo sie auftanken und sich inspirieren lassen k\u00f6nnen. Gleichzeitig sehnen sie sich nach einer Gemeinde, die auch nach au\u00dfen hin lebendig und einladend wirkt, eine Gemeinschaft, auf die sie stolz sein k\u00f6nnen und von der sie gerne erz\u00e4hlen.<br \/>\nDieses Buch besch\u00e4ftigt sich mit den W\u00fcnschen Jesu f\u00fcr seine Gemeinde, die allein ihm geh\u00f6rt. Er hat die Menschen zu B\u00fcrgern seines Himmelsreiches gemacht.<\/p>\n","protected":false},"excerpt":{"rendered":"<p>Viele Christen w\u00fcnschen sich eine Kirchengemeinde, wo sie auftanken und sich inspirieren lassen k\u00f6nnen. Gleichzeitig sehnen sie sich nach einer Gemeinde, die auch nach au\u00dfen hin lebendig und einladend wirkt, eine Gemeinschaft, auf die sie stolz sein k\u00f6nnen und von der sie gerne erz\u00e4hlen.<br \/>\nDieses Buch besch\u00e4ftigt sich mit den W\u00fcnschen Jesu f\u00fcr seine Gemeinde, die allein ihm geh\u00f6rt. Er hat die Menschen zu B\u00fcrgern seines Himmelsreiches gemacht.<\/p>\n<div>Als Erl\u00f6ser und Herr der Gemeinde bestimmt er, wie die Gemeinde zusammenkommt, wie das Miteinander gestaltet wird und welche Aufgaben sie erf\u00fcllt. Ebenso legt Jesus Christus fest, wie die Gemeindeleitung ihren Dienst verstehen und aus\u00fcben soll.<\/div>\n<div>Im Mittelpunkt stehen biblische Texte, die die Ziele, das Miteinander sowie Aufgaben und Rahmenbedingungen einer Ortsgemeinde beschreiben und Orientierung bieten.<\/div>\n","protected":false},"featured_media":355,"comment_status":"open","ping_status":"closed","template":"","meta":[],"product_brand":[],"product_cat":[17],"product_tag":[24,22,23,21],"class_list":{"0":"post-277","1":"product","2":"type-product","3":"status-publish","4":"has-post-thumbnail","6":"product_cat-unkategorisiert","7":"product_tag-24","8":"product_tag-mein-zuhause","9":"product_tag-peter-sterzer","10":"product_tag-seine-gemeinde","12":"first","13":"instock","14":"purchasable","15":"product-type-simple"},"jetpack_sharing_enabled":true,"_links":{"self":[{"href":"https:\/\/ghl365.de\/home\/wp-json\/wp\/v2\/product\/277","targetHints":{"allow":["GET"]}}],"collection":[{"href":"https:\/\/ghl365.de\/home\/wp-json\/wp\/v2\/product"}],"about":[{"href":"https:\/\/ghl365.de\/home\/wp-json\/wp\/v2\/types\/product"}],"replies":[{"embeddable":true,"href":"https:\/\/ghl365.de\/home\/wp-json\/wp\/v2\/comments?post=277"}],"wp:featuredmedia":[{"embeddable":true,"href":"https:\/\/ghl365.de\/home\/wp-json\/wp\/v2\/media\/355"}],"wp:attachment":[{"href":"https:\/\/ghl365.de\/home\/wp-json\/wp\/v2\/media?parent=277"}],"wp:term":[{"taxonomy":"product_brand","embeddable":true,"href":"https:\/\/ghl365.de\/home\/wp-json\/wp\/v2\/product_brand?post=277"},{"taxonomy":"product_cat","embeddable":true,"href":"https:\/\/ghl365.de\/home\/wp-json\/wp\/v2\/product_cat?post=277"},{"taxonomy":"product_tag","embeddable":true,"href":"https:\/\/ghl365.de\/home\/wp-json\/wp\/v2\/product_tag?post=277"}],"curies":[{"name":"wp","href":"https:\/\/api.w.org\/{rel}","templated":true}]}}